{"id":26117,"date":"2022-02-16T17:03:21","date_gmt":"2022-02-16T17:03:21","guid":{"rendered":"https:\/\/bomberosfunes.com\/?page_id=26117"},"modified":"2026-02-06T20:46:24","modified_gmt":"2026-02-06T20:46:24","slug":"preinscripcion","status":"publish","type":"page","link":"https:\/\/bomberosfunes.com\/index.php\/preinscripcion\/","title":{"rendered":""},"content":{"rendered":"\n<div class=\"wp-block-cover is-light has-parallax backgroundImage\" style=\"min-height:200vh;aspect-ratio:unset;\"><div class=\"wp-block-cover__image-background wp-image-26213 size-large has-parallax\" style=\"background-position:50% 50%;background-image:url(https:\/\/bomberosfunes.com\/wp-content\/uploads\/2026\/02\/Gemini_Generated_Image_es7j17es7j17es7j-1-848x1024.png)\"><\/div><span aria-hidden=\"true\" class=\"wp-block-cover__background has-background-dim-70 has-background-dim\" style=\"background-color:#a79b86\"><\/span><div class=\"wp-block-cover__inner-container is-layout-flow wp-block-cover-is-layout-flow\">\n<h4 class=\"wp-block-heading alignwide has-text-align-center has-white-color has-text-color\" id=\"titleForm\">Formulario PreInscripci\u00f3n a Asociaci\u00f3n Bomberos Voluntarios Funes<\/h4>\n\n\n\n<div class=\"wpforms-container formuAcosiat\" id=\"wpforms-25700\"><form id=\"wpforms-form-25700\" class=\"wpforms-validate wpforms-form\" data-formid=\"25700\" method=\"post\" enctype=\"multipart\/form-data\" action=\"\/index.php\/wp-json\/wp\/v2\/pages\/26117?wpforms_form_id=25700\" data-token=\"328694b057f227a934473c9e3392b471\"><noscript class=\"wpforms-error-noscript\">Por favor, activa JavaScript en tu navegador para completar este formulario.<\/noscript><div class=\"wpforms-page-indicator progress\" data-indicator=\"progress\" data-indicator-color=\"#72b239\" data-scroll=\"1\"><span class=\"wpforms-page-indicator-page-title\" ><\/span><span class=\"wpforms-page-indicator-page-title-sep\" style=\"display:none;\"> - <\/span><span class=\"wpforms-page-indicator-steps\">Paso <span class=\"wpforms-page-indicator-steps-current\">1<\/span> de 2<\/span><div class=\"wpforms-page-indicator-page-progress-wrap\"><div class=\"wpforms-page-indicator-page-progress\" style=\"width:50%;background-color:#72b239;\"><\/div><\/div><\/div><div class=\"wpforms-field-container\"><div class=\"wpforms-page wpforms-page-1 \"><div id=\"wpforms-25700-field_25-container\" class=\"wpforms-field wpforms-field-pagebreak\" data-field-id=\"25\"><\/div><div id=\"wpforms-25700-field_1-container\" class=\"wpforms-field wpforms-field-email\" data-field-id=\"1\"><label class=\"wpforms-field-label\" for=\"wpforms-25700-field_1\">Correo Electronico <span class=\"wpforms-required-label\">*<\/span><\/label><input type=\"email\" id=\"wpforms-25700-field_1\" class=\"wpforms-field-large wpforms-field-required\" name=\"wpforms[fields][1]\" placeholder=\"Enter your email...\" required><div class=\"wpforms-field-description\">Escribe una direcci\u00f3n de correo electr\u00f3nico valida y activa<\/div><\/div><div id=\"wpforms-25700-field_18-container\" class=\"wpforms-field wpforms-field-file-upload\" data-field-id=\"18\"><label class=\"wpforms-field-label\" for=\"wpforms-25700-field_18\">Subir Foto tipo carnet <span class=\"wpforms-required-label\">*<\/span><\/label><div\n\t\tclass=\"wpforms-uploader\"\n\t\tdata-field-id=\"18\"\n\t\tdata-form-id=\"25700\"\n\t\tdata-input-name=\"wpforms_25700_18\"\n\t\tdata-extensions=\"png,gif,jpg,jpeg\"\n\t\tdata-max-size=\"26214400\"\n\t\tdata-max-file-number=\"1\"\n\t\tdata-post-max-size=\"1610612736\"\n\t\tdata-max-parallel-uploads=\"4\"\n\t\tdata-parallel-uploads=\"true\"\n\t\tdata-file-chunk-size=\"2097152\">\n\t<div class=\"dz-message\">\n\t\t<svg viewBox=\"0 0 1024 1024\" focusable=\"false\" data-icon=\"inbox\" width=\"50px\" height=\"50px\" fill=\"#b1b1b1\" aria-hidden=\"true\">\n\t\t\t<path d=\"M885.2 446.3l-.2-.8-112.2-285.1c-5-16.1-19.9-27.2-36.8-27.2H281.2c-17 0-32.1 11.3-36.9 27.6L139.4 443l-.3.7-.2.8c-1.3 4.9-1.7 9.9-1 14.8-.1 1.6-.2 3.2-.2 4.8V830a60.9 60.9 0 0 0 60.8 60.8h627.2c33.5 0 60.8-27.3 60.9-60.8V464.1c0-1.3 0-2.6-.1-3.7.4-4.9 0-9.6-1.3-14.1zm-295.8-43l-.3 15.7c-.8 44.9-31.8 75.1-77.1 75.1-22.1 0-41.1-7.1-54.8-20.6S436 441.2 435.6 419l-.3-15.7H229.5L309 210h399.2l81.7 193.3H589.4zm-375 76.8h157.3c24.3 57.1 76 90.8 140.4 90.8 33.7 0 65-9.4 90.3-27.2 22.2-15.6 39.5-37.4 50.7-63.6h156.5V814H214.4V480.1z\"><\/path>\n\t\t<\/svg>\n\t\t<span class=\"modern-title\">Haz clic o arrastra un archivo a este \u00e1rea para subirlo.<\/span>\n\n\t\t\t<\/div>\n<\/div>\n<input\n\t\ttype=\"text\"\n\t\tautocomplete=\"off\"\n\t\tclass=\"dropzone-input\"\n\t\tstyle=\"position:absolute!important;clip:rect(0,0,0,0)!important;height:1px!important;width:1px!important;border:0!important;overflow:hidden!important;padding:0!important;margin:0!important;\"\n\t\tid=\"wpforms-25700-field_18\"\n\t\tname=\"wpforms_25700_18\" required\t\tvalue=\"\">\n<div class=\"wpforms-field-description\">Foto de frente con fondo blanco, !puedes tomarla con tu tel\u00e9fono!<\/div><\/div><div id=\"wpforms-25700-field_2-container\" class=\"wpforms-field wpforms-field-name\" data-field-id=\"2\"><label class=\"wpforms-field-label\" for=\"wpforms-25700-field_2\">Nombre y Apellidos <span class=\"wpforms-required-label\">*<\/span><\/label><div class=\"wpforms-field-row wpforms-field-medium\"><div class=\"wpforms-field-row-block wpforms-first wpforms-one-half\"><input type=\"text\" id=\"wpforms-25700-field_2\" class=\"wpforms-field-name-first wpforms-field-required\" name=\"wpforms[fields][2][first]\" required><label for=\"wpforms-25700-field_2\" class=\"wpforms-field-sublabel after \">Nombre<\/label><\/div><div class=\"wpforms-field-row-block wpforms-one-half\"><input type=\"text\" id=\"wpforms-25700-field_2-last\" class=\"wpforms-field-name-last wpforms-field-required\" name=\"wpforms[fields][2][last]\" required><label for=\"wpforms-25700-field_2-last\" class=\"wpforms-field-sublabel after \">Apellidos<\/label><\/div><\/div><\/div><div id=\"wpforms-25700-field_6-container\" class=\"wpforms-field wpforms-field-date-time\" data-field-id=\"6\"><label class=\"wpforms-field-label\" for=\"wpforms-25700-field_6\">Fecha de Nacimiento <span class=\"wpforms-required-label\">*<\/span><\/label><div class=\"wpforms-datepicker-wrap\"><input type=\"text\" id=\"wpforms-25700-field_6\" class=\"wpforms-field-date-time-date wpforms-datepicker wpforms-field-required wpforms-field-medium\" data-date-format=\"m\/d\/Y\" data-disable-past-dates=\"0\" data-input=\"true\" name=\"wpforms[fields][6][date]\" required><a title=\"Borrar fecha\" data-clear class=\"wpforms-datepicker-clear\" style=\"display:none;\"><\/a><\/div><div class=\"wpforms-field-description\">DD\/MM\/AAAA\r\n<\/div><\/div><div id=\"wpforms-25700-field_8-container\" class=\"wpforms-field wpforms-field-number\" data-field-id=\"8\"><label class=\"wpforms-field-label\" for=\"wpforms-25700-field_8\">\u00bfQu\u00e9 edad ten\u00e9s? <span class=\"wpforms-required-label\">*<\/span><\/label><input type=\"number\" pattern=\"\\d*\" id=\"wpforms-25700-field_8\" class=\"wpforms-field-medium wpforms-field-required\" name=\"wpforms[fields][8]\" required><\/div><div id=\"wpforms-25700-field_5-container\" class=\"wpforms-field wpforms-field-phone\" data-field-id=\"5\"><label class=\"wpforms-field-label\" for=\"wpforms-25700-field_5\">Tel\u00e9fono <span class=\"wpforms-required-label\">*<\/span><\/label><input type=\"tel\" id=\"wpforms-25700-field_5\" class=\"wpforms-field-medium wpforms-field-required wpforms-smart-phone-field\" data-rule-smart-phone-field=\"true\" name=\"wpforms[fields][5]\" required><div class=\"wpforms-field-description\">341-4932319 (sin el 0)<\/div><\/div><div id=\"wpforms-25700-field_7-container\" class=\"wpforms-field wpforms-field-address\" data-field-id=\"7\"><label class=\"wpforms-field-label\" for=\"wpforms-25700-field_7\">Direcci\u00f3n <span class=\"wpforms-required-label\">*<\/span><\/label><div class=\"wpforms-field-row wpforms-field-medium\"><div ><input type=\"text\" id=\"wpforms-25700-field_7\" class=\"wpforms-field-address-address1 wpforms-field-required\" name=\"wpforms[fields][7][address1]\" required><label for=\"wpforms-25700-field_7\" class=\"wpforms-field-sublabel after \">Direcci\u00f3n (l\u00ednea 1)<\/label><\/div><\/div><div class=\"wpforms-field-row wpforms-field-medium\"><div class=\"wpforms-field-row-block wpforms-one-half wpforms-first\"><input type=\"text\" id=\"wpforms-25700-field_7-city\" class=\"wpforms-field-address-city wpforms-field-required\" name=\"wpforms[fields][7][city]\" value=\"Funes\" required><label for=\"wpforms-25700-field_7-city\" class=\"wpforms-field-sublabel after \">Ciudad<\/label><\/div><div class=\"wpforms-field-row-block wpforms-one-half\"><input type=\"text\" id=\"wpforms-25700-field_7-state\" class=\"wpforms-field-address-state wpforms-field-required\" name=\"wpforms[fields][7][state]\" value=\"Santa Fe\" required><label for=\"wpforms-25700-field_7-state\" class=\"wpforms-field-sublabel after \">Estado \/ Provincia \/ Regi\u00f3n<\/label><\/div><\/div><div class=\"wpforms-field-description\">Nombre de la calle, altura (numero), agrega un punto de referencia.<\/div><\/div><div id=\"wpforms-25700-field_12-container\" class=\"wpforms-field wpforms-field-radio\" data-field-id=\"12\"><label class=\"wpforms-field-label\" for=\"wpforms-25700-field_12\">\u00bfPracticas deporte? <span class=\"wpforms-required-label\">*<\/span><\/label><ul id=\"wpforms-25700-field_12\" class=\"wpforms-field-required\"><li class=\"choice-1 depth-1\"><input type=\"radio\" id=\"wpforms-25700-field_12_1\" name=\"wpforms[fields][12]\" value=\"Si\" required ><label class=\"wpforms-field-label-inline\" for=\"wpforms-25700-field_12_1\">Si<\/label><\/li><li class=\"choice-2 depth-1\"><input type=\"radio\" id=\"wpforms-25700-field_12_2\" name=\"wpforms[fields][12]\" value=\"No\" required ><label class=\"wpforms-field-label-inline\" for=\"wpforms-25700-field_12_2\">No<\/label><\/li><\/ul><\/div><div id=\"wpforms-25700-field_13-container\" class=\"wpforms-field wpforms-field-text\" data-field-id=\"13\"><label class=\"wpforms-field-label\" for=\"wpforms-25700-field_13\">\u00bfCu\u00e1l deporte?<\/label><input type=\"text\" id=\"wpforms-25700-field_13\" class=\"wpforms-field-medium\" name=\"wpforms[fields][13]\" ><div class=\"wpforms-field-description\">en caso de \"SI\", Responde <\/div><\/div><div id=\"wpforms-25700-field_14-container\" class=\"wpforms-field wpforms-field-radio\" data-field-id=\"14\"><label class=\"wpforms-field-label\" for=\"wpforms-25700-field_14\">\u00bfFumas?  <span class=\"wpforms-required-label\">*<\/span><\/label><ul id=\"wpforms-25700-field_14\" class=\"wpforms-field-required\"><li class=\"choice-1 depth-1\"><input type=\"radio\" id=\"wpforms-25700-field_14_1\" name=\"wpforms[fields][14]\" value=\"Si\" required ><label class=\"wpforms-field-label-inline\" for=\"wpforms-25700-field_14_1\">Si<\/label><\/li><li class=\"choice-2 depth-1\"><input type=\"radio\" id=\"wpforms-25700-field_14_2\" name=\"wpforms[fields][14]\" value=\"No\" required ><label class=\"wpforms-field-label-inline\" for=\"wpforms-25700-field_14_2\">No<\/label><\/li><\/ul><\/div><div id=\"wpforms-25700-field_15-container\" class=\"wpforms-field wpforms-field-text\" data-field-id=\"15\"><label class=\"wpforms-field-label\" for=\"wpforms-25700-field_15\">\u00bfCu\u00e1ntos cigarrillos al d\u00eda? <\/label><input type=\"text\" id=\"wpforms-25700-field_15\" class=\"wpforms-field-medium\" name=\"wpforms[fields][15]\" ><div class=\"wpforms-field-description\">en caso de \"SI\", Responde <\/div><\/div><div id=\"wpforms-25700-field_16-container\" class=\"wpforms-field wpforms-field-radio\" data-field-id=\"16\"><label class=\"wpforms-field-label\" for=\"wpforms-25700-field_16\">\u00bfConoc\u00e9s alguna persona que ya sea Bombero? <span class=\"wpforms-required-label\">*<\/span><\/label><ul id=\"wpforms-25700-field_16\" class=\"wpforms-field-required\"><li class=\"choice-1 depth-1\"><input type=\"radio\" id=\"wpforms-25700-field_16_1\" name=\"wpforms[fields][16]\" value=\"Si\" required ><label class=\"wpforms-field-label-inline\" for=\"wpforms-25700-field_16_1\">Si<\/label><\/li><li class=\"choice-2 depth-1\"><input type=\"radio\" id=\"wpforms-25700-field_16_2\" name=\"wpforms[fields][16]\" value=\"No\" required ><label class=\"wpforms-field-label-inline\" for=\"wpforms-25700-field_16_2\">No<\/label><\/li><\/ul><\/div><div id=\"wpforms-25700-field_17-container\" class=\"wpforms-field wpforms-field-text\" data-field-id=\"17\"><label class=\"wpforms-field-label\" for=\"wpforms-25700-field_17\">\u00bfde que Ciudad \/ Cuartel, Pertenece o perteneci\u00f3?<\/label><input type=\"text\" id=\"wpforms-25700-field_17\" class=\"wpforms-field-medium\" name=\"wpforms[fields][17]\" ><div class=\"wpforms-field-description\">en caso de \"SI\", Responde <\/div><\/div><div id=\"wpforms-25700-field_21-container\" class=\"wpforms-field wpforms-field-checkbox\" data-field-id=\"21\"><label class=\"wpforms-field-label\" for=\"wpforms-25700-field_21\">Estudios Realizados <span class=\"wpforms-required-label\">*<\/span><\/label><ul id=\"wpforms-25700-field_21\" class=\"wpforms-field-required\"><li class=\"choice-1 depth-1\"><input type=\"checkbox\" id=\"wpforms-25700-field_21_1\" name=\"wpforms[fields][21][]\" value=\"Secundario\" required ><label class=\"wpforms-field-label-inline\" for=\"wpforms-25700-field_21_1\">Secundario<\/label><\/li><li class=\"choice-2 depth-1\"><input type=\"checkbox\" id=\"wpforms-25700-field_21_2\" name=\"wpforms[fields][21][]\" value=\"Terciario\" required ><label class=\"wpforms-field-label-inline\" for=\"wpforms-25700-field_21_2\">Terciario<\/label><\/li><li class=\"choice-3 depth-1\"><input type=\"checkbox\" id=\"wpforms-25700-field_21_3\" name=\"wpforms[fields][21][]\" value=\"Universitario\" required ><label class=\"wpforms-field-label-inline\" for=\"wpforms-25700-field_21_3\">Universitario<\/label><\/li><\/ul><\/div><div id=\"wpforms-25700-field_22-container\" class=\"wpforms-field wpforms-field-radio\" data-field-id=\"22\"><label class=\"wpforms-field-label\" for=\"wpforms-25700-field_22\">\u00bfA que te dedicas? <span class=\"wpforms-required-label\">*<\/span><\/label><ul id=\"wpforms-25700-field_22\" class=\"wpforms-field-required\"><li class=\"choice-1 depth-1\"><input type=\"radio\" id=\"wpforms-25700-field_22_1\" name=\"wpforms[fields][22]\" value=\"Trabajo\" required ><label class=\"wpforms-field-label-inline\" for=\"wpforms-25700-field_22_1\">Trabajo<\/label><\/li><li class=\"choice-2 depth-1\"><input type=\"radio\" id=\"wpforms-25700-field_22_2\" name=\"wpforms[fields][22]\" value=\"Estudio\" required ><label class=\"wpforms-field-label-inline\" for=\"wpforms-25700-field_22_2\">Estudio<\/label><\/li><li class=\"choice-4 depth-1\"><input type=\"radio\" id=\"wpforms-25700-field_22_4\" name=\"wpforms[fields][22]\" value=\"Ninguna de las anteriores\" required ><label class=\"wpforms-field-label-inline\" for=\"wpforms-25700-field_22_4\">Ninguna de las anteriores<\/label><\/li><\/ul><\/div><div id=\"wpforms-25700-field_23-container\" class=\"wpforms-field wpforms-field-text\" data-field-id=\"23\"><label class=\"wpforms-field-label\" for=\"wpforms-25700-field_23\">Especifique <\/label><input type=\"text\" id=\"wpforms-25700-field_23\" class=\"wpforms-field-medium\" name=\"wpforms[fields][23]\" ><div class=\"wpforms-field-description\">\u00bfen que trabajas?, \u00bfQu\u00e9 estudias? Localidad<\/div><\/div><div id=\"wpforms-25700-field_24-container\" class=\"wpforms-field wpforms-field-pagebreak\" data-field-id=\"24\"><div class=\"wpforms-clear wpforms-pagebreak-left\"><button class=\"wpforms-page-button wpforms-page-next\" data-action=\"next\" data-page=\"1\" data-formid=\"25700\" disabled>Siguiente<\/button><\/div><\/div><\/div><div class=\"wpforms-page wpforms-page-2 last \" style=\"display:none;\"><div id=\"wpforms-25700-field_27-container\" class=\"wpforms-field wpforms-field-entry-preview\" data-field-id=\"27\"><div class=\"wpforms-entry-preview-updating-message\">Actualizando la vista previa\u2026<\/div><div class=\"wpforms-entry-preview-notice\" style=\"display: none;\"><strong>Esta es una vista previa de tu env\u00edo. \u00a1Todav\u00eda no se ha enviado!<\/strong><br \/>\r\nPor favor, t\u00f3mate un momento para verificar tu informaci\u00f3n. Tambi\u00e9n puedes volver atr\u00e1s para hacer cambios.<\/div><div class=\"wpforms-entry-preview-wrapper\" style=\"display: none;\"><\/div><\/div><div id=\"wpforms-25700-field_26-container\" class=\"wpforms-field wpforms-field-pagebreak\" data-field-id=\"26\"><div class=\"wpforms-clear wpforms-pagebreak-left\"><button class=\"wpforms-page-button wpforms-page-prev\" data-action=\"prev\" data-page=\"2\" data-formid=\"25700\" disabled>Anterior<\/button><\/div><\/div><\/div><\/div><div class=\"wpforms-field wpforms-field-hp\"><label for=\"wpforms-25700-field-hp\" class=\"wpforms-field-label\">Message<\/label><input type=\"text\" name=\"wpforms[hp]\" id=\"wpforms-25700-field-hp\" class=\"wpforms-field-medium\"><\/div><div class=\"wpforms-submit-container\" style=\"display:none;\"><input type=\"hidden\" name=\"wpforms[id]\" value=\"25700\"><input type=\"hidden\" name=\"wpforms[author]\" value=\"1\"><button type=\"submit\" name=\"wpforms[submit]\" id=\"wpforms-submit-25700\" class=\"wpforms-submit buttonSave\" data-alt-text=\"Guardando...\" data-submit-text=\"Guardar\" aria-live=\"assertive\" value=\"wpforms-submit\">Guardar<\/button><\/div><\/form><\/div>  <!-- .wpforms-container -->\n\n\n\n<p><\/p>\n\n\n\n<p><\/p>\n<\/div><\/div>\n","protected":false},"excerpt":{"rendered":"","protected":false},"author":1,"featured_media":0,"parent":0,"menu_order":0,"comment_status":"closed","ping_status":"closed","template":"","meta":{"om_disable_all_campaigns":false,"_uag_custom_page_level_css":"","_monsterinsights_skip_tracking":false,"_monsterinsights_sitenote_active":false,"_monsterinsights_sitenote_note":"","_monsterinsights_sitenote_category":0,"site-sidebar-layout":"default","site-content-layout":"plain-container","ast-site-content-layout":"normal-width-container","site-content-style":"unboxed","site-sidebar-style":"unboxed","ast-global-header-display":"","ast-banner-title-visibility":"","ast-main-header-display":"","ast-hfb-above-header-display":"","ast-hfb-below-header-display":"","ast-hfb-mobile-header-display":"","site-post-title":"disabled","ast-breadcrumbs-content":"","ast-featured-img":"","footer-sml-layout":"","ast-disable-related-posts":"","theme-transparent-header-meta":"enabled","adv-header-id-meta":"","stick-header-meta":"","header-above-stick-meta":"","header-main-stick-meta":"","header-below-stick-meta":"","astra-migrate-meta-layouts":"set","ast-page-background-enabled":"default","ast-page-background-meta":{"desktop":{"background-color":"var(--ast-global-color-4)","background-image":"","background-repeat":"repeat","background-position":"center center","background-size":"auto","background-attachment":"scroll","background-type":"","background-media":"","overlay-type":"","overlay-color":"","overlay-opacity":"","overlay-gradient":""},"tablet":{"background-color":"","background-image":"","background-repeat":"repeat","background-position":"center center","background-size":"auto","background-attachment":"scroll","background-type":"","background-media":"","overlay-type":"","overlay-color":"","overlay-opacity":"","overlay-gradient":""},"mobile":{"background-color":"","background-image":"","background-repeat":"repeat","background-position":"center center","background-size":"auto","background-attachment":"scroll","background-type":"","background-media":"","overlay-type":"","overlay-color":"","overlay-opacity":"","overlay-gradient":""}},"ast-content-background-meta":{"desktop":{"background-color":"var(--ast-global-color-5)","background-image":"","background-repeat":"repeat","background-position":"center center","background-size":"auto","background-attachment":"scroll","background-type":"","background-media":"","overlay-type":"","overlay-color":"","overlay-opacity":"","overlay-gradient":""},"tablet":{"background-color":"var(--ast-global-color-5)","background-image":"","background-repeat":"repeat","background-position":"center center","background-size":"auto","background-attachment":"scroll","background-type":"","background-media":"","overlay-type":"","overlay-color":"","overlay-opacity":"","overlay-gradient":""},"mobile":{"background-color":"var(--ast-global-color-5)","background-image":"","background-repeat":"repeat","background-position":"center center","background-size":"auto","background-attachment":"scroll","background-type":"","background-media":"","overlay-type":"","overlay-color":"","overlay-opacity":"","overlay-gradient":""}},"footnotes":""},"class_list":["post-26117","page","type-page","status-publish","hentry"],"aioseo_notices":[],"uagb_featured_image_src":{"full":false,"thumbnail":false,"medium":false,"medium_large":false,"large":false,"1536x1536":false,"2048x2048":false},"uagb_author_info":{"display_name":"develop0001","author_link":"https:\/\/bomberosfunes.com\/index.php\/author\/develop0001\/"},"uagb_comment_info":0,"uagb_excerpt":null,"_links":{"self":[{"href":"https:\/\/bomberosfunes.com\/index.php\/wp-json\/wp\/v2\/pages\/26117","targetHints":{"allow":["GET"]}}],"collection":[{"href":"https:\/\/bomberosfunes.com\/index.php\/wp-json\/wp\/v2\/pages"}],"about":[{"href":"https:\/\/bomberosfunes.com\/index.php\/wp-json\/wp\/v2\/types\/page"}],"author":[{"embeddable":true,"href":"https:\/\/bomberosfunes.com\/index.php\/wp-json\/wp\/v2\/users\/1"}],"replies":[{"embeddable":true,"href":"https:\/\/bomberosfunes.com\/index.php\/wp-json\/wp\/v2\/comments?post=26117"}],"version-history":[{"count":7,"href":"https:\/\/bomberosfunes.com\/index.php\/wp-json\/wp\/v2\/pages\/26117\/revisions"}],"predecessor-version":[{"id":26215,"href":"https:\/\/bomberosfunes.com\/index.php\/wp-json\/wp\/v2\/pages\/26117\/revisions\/26215"}],"wp:attachment":[{"href":"https:\/\/bomberosfunes.com\/index.php\/wp-json\/wp\/v2\/media?parent=26117"}],"curies":[{"name":"wp","href":"https:\/\/api.w.org\/{rel}","templated":true}]}}