{"id":418,"date":"2020-08-24T07:36:39","date_gmt":"2020-08-24T07:36:39","guid":{"rendered":"https:\/\/bomberosfunes.com\/index.php\/events\/"},"modified":"2021-09-06T16:21:59","modified_gmt":"2021-09-06T16:21:59","slug":"comuinidad","status":"publish","type":"page","link":"https:\/\/bomberosfunes.com\/index.php\/comuinidad\/","title":{"rendered":"COMUNIDAD"},"content":{"rendered":"\n<div class=\"wp-block-cover alignfull has-background-dim-70 has-black-background-color has-background-dim has-parallax is-position-center-center\" style=\"background-image:url(https:\/\/bomberosfunes.com\/wp-content\/uploads\/2021\/09\/WhatsApp-Image-2021-08-29-at-20.36.40.jpeg);min-height:2465px;aspect-ratio:unset;\"><div class=\"wp-block-cover__inner-container is-layout-flow wp-block-cover-is-layout-flow\">\n<p><strong>CAPACITATE CON NOSOTROS<\/strong><\/p>\n\n\n\n<h1 class=\"has-white-color has-text-color wp-block-heading\">R.C.P. <\/h1>\n\n\n\n<div class=\"alignnormal\"><div id=\"metaslider-id-25937\" style=\"width: 100%;\" class=\"ml-slider-3-108-0 metaslider metaslider-flex metaslider-25937 ml-slider has-dots-nav ms-theme-default\" role=\"region\" aria-label=\"RCP Comunidades\" data-height=\"826\" data-width=\"1280\">\n    <div id=\"metaslider_container_25937\">\n        <div id=\"metaslider_25937\">\n            <ul class='slides'>\n                <li style=\"display: block; width: 100%;\" class=\"slide-25941 ms-image \" aria-roledescription=\"slide\" data-date=\"2021-09-01 20:37:13\" data-filename=\"WhatsApp-Image-2021-08-29-at-20.36.40-1-1231x795.jpeg\" data-slide-type=\"image\"><img loading=\"lazy\" decoding=\"async\" src=\"https:\/\/bomberosfunes.com\/wp-content\/uploads\/2021\/09\/WhatsApp-Image-2021-08-29-at-20.36.40-1-1231x795.jpeg\" height=\"826\" width=\"1280\" alt=\"\" class=\"slider-25937 slide-25941 msDefaultImage\" title=\"Practicas RCP\" \/><div class=\"caption-wrap\"><div class=\"caption\">PRACTICAS RCP<\/div><\/div><\/li>\n                <li style=\"display: none; width: 100%;\" class=\"slide-25942 ms-image \" aria-roledescription=\"slide\" data-date=\"2021-09-01 20:37:13\" data-filename=\"WhatsApp-Image-2021-08-29-at-20.36.40-2.jpeg\" data-slide-type=\"image\"><img loading=\"lazy\" decoding=\"async\" src=\"https:\/\/bomberosfunes.com\/wp-content\/uploads\/2021\/09\/WhatsApp-Image-2021-08-29-at-20.36.40-2.jpeg\" height=\"826\" width=\"1280\" alt=\"\" class=\"slider-25937 slide-25942 msDefaultImage\" title=\"TECNICA RCP\" \/><div class=\"caption-wrap\"><div class=\"caption\">TECNICA RCP<\/div><\/div><\/li>\n                <li style=\"display: none; width: 100%;\" class=\"slide-25943 ms-image \" aria-roledescription=\"slide\" data-date=\"2021-09-01 20:37:13\" data-filename=\"WhatsApp-Image-2021-08-29-at-20.36.40-3-1066x688.jpeg\" data-slide-type=\"image\"><img loading=\"lazy\" decoding=\"async\" src=\"https:\/\/bomberosfunes.com\/wp-content\/uploads\/2021\/09\/WhatsApp-Image-2021-08-29-at-20.36.40-3-1066x688.jpeg\" height=\"826\" width=\"1280\" alt=\"\" class=\"slider-25937 slide-25943 msDefaultImage\" title=\"INSTRUCCION RCP\" \/><div class=\"caption-wrap\"><div class=\"caption\">INSTRUCCIONES RCP<\/div><\/div><\/li>\n            <\/ul>\n        <\/div>\n        \n    <\/div>\n<\/div><\/div>\n\n\n\n<div class=\"wp-block-media-text alignwide is-stacked-on-mobile\" style=\"grid-template-columns:36% auto\"><figure class=\"wp-block-media-text__media\"><img loading=\"lazy\" decoding=\"async\" width=\"576\" height=\"1024\" src=\"https:\/\/bomberosfunes.com\/wp-content\/uploads\/2021\/09\/WhatsApp-Image-2021-08-29-at-20.40.50-576x1024.jpeg\" alt=\"\" class=\"wp-image-25944 size-full\" srcset=\"https:\/\/bomberosfunes.com\/wp-content\/uploads\/2021\/09\/WhatsApp-Image-2021-08-29-at-20.40.50-576x1024.jpeg 576w, https:\/\/bomberosfunes.com\/wp-content\/uploads\/2021\/09\/WhatsApp-Image-2021-08-29-at-20.40.50-169x300.jpeg 169w, https:\/\/bomberosfunes.com\/wp-content\/uploads\/2021\/09\/WhatsApp-Image-2021-08-29-at-20.40.50.jpeg 720w\" sizes=\"auto, (max-width: 576px) 100vw, 576px\" \/><\/figure><div class=\"wp-block-media-text__content\">\n<p class=\"has-white-color has-text-color\" style=\"font-size:clamp(16.293px, 1.018rem + ((1vw - 3.2px) * 0.854), 25px);\">La Reanimaci\u00f3n Cardiopulmonar (<strong>RCP<\/strong>) es una maniobra de emergencia. Consiste en aplicar presi\u00f3n r\u00edtmica sobre el pecho de una persona que haya sufrido un paro cardiorrespiratorio para que el ox\u00edgeno pueda seguir llegando a sus \u00f3rganos vitales.<\/p>\n\n\n\n<p class=\"has-white-color has-text-color\" style=\"font-size:clamp(16.293px, 1.018rem + ((1vw - 3.2px) * 0.854), 25px);\">Destinado a las comunidades y su formaci\u00f3n para saber como responder y contener a la persona  afectada.<\/p>\n\n\n\n<p class=\"has-white-color has-text-color has-large-font-size\"><\/p>\n<\/div><\/div>\n<\/div><\/div>\n\n\n","protected":false},"excerpt":{"rendered":"","protected":false},"author":1,"featured_media":0,"parent":0,"menu_order":0,"comment_status":"closed","ping_status":"closed","template":"","meta":{"om_disable_all_campaigns":false,"_uag_custom_page_level_css":"","_monsterinsights_skip_tracking":false,"_monsterinsights_sitenote_active":false,"_monsterinsights_sitenote_note":"","_monsterinsights_sitenote_category":0,"site-sidebar-layout":"default","site-content-layout":"plain-container","ast-site-content-layout":"default","site-content-style":"default","site-sidebar-style":"default","ast-global-header-display":"","ast-banner-title-visibility":"","ast-main-header-display":"","ast-hfb-above-header-display":"","ast-hfb-below-header-display":"","ast-hfb-mobile-header-display":"","site-post-title":"disabled","ast-breadcrumbs-content":"","ast-featured-img":"","footer-sml-layout":"","ast-disable-related-posts":"","theme-transparent-header-meta":"enabled","adv-header-id-meta":"","stick-header-meta":"","header-above-stick-meta":"","header-main-stick-meta":"","header-below-stick-meta":"","astra-migrate-meta-layouts":"default","ast-page-background-enabled":"default","ast-page-background-meta":{"desktop":{"background-color":"var(--ast-global-color-4)","background-image":"","background-repeat":"repeat","background-position":"center center","background-size":"auto","background-attachment":"scroll","background-type":"","background-media":"","overlay-type":"","overlay-color":"","overlay-opacity":"","overlay-gradient":""},"tablet":{"background-color":"","background-image":"","background-repeat":"repeat","background-position":"center center","background-size":"auto","background-attachment":"scroll","background-type":"","background-media":"","overlay-type":"","overlay-color":"","overlay-opacity":"","overlay-gradient":""},"mobile":{"background-color":"","background-image":"","background-repeat":"repeat","background-position":"center center","background-size":"auto","background-attachment":"scroll","background-type":"","background-media":"","overlay-type":"","overlay-color":"","overlay-opacity":"","overlay-gradient":""}},"ast-content-background-meta":{"desktop":{"background-color":"var(--ast-global-color-5)","background-image":"","background-repeat":"repeat","background-position":"center center","background-size":"auto","background-attachment":"scroll","background-type":"","background-media":"","overlay-type":"","overlay-color":"","overlay-opacity":"","overlay-gradient":""},"tablet":{"background-color":"var(--ast-global-color-5)","background-image":"","background-repeat":"repeat","background-position":"center center","background-size":"auto","background-attachment":"scroll","background-type":"","background-media":"","overlay-type":"","overlay-color":"","overlay-opacity":"","overlay-gradient":""},"mobile":{"background-color":"var(--ast-global-color-5)","background-image":"","background-repeat":"repeat","background-position":"center center","background-size":"auto","background-attachment":"scroll","background-type":"","background-media":"","overlay-type":"","overlay-color":"","overlay-opacity":"","overlay-gradient":""}},"footnotes":""},"class_list":["post-418","page","type-page","status-publish","hentry"],"aioseo_notices":[],"uagb_featured_image_src":{"full":false,"thumbnail":false,"medium":false,"medium_large":false,"large":false,"1536x1536":false,"2048x2048":false},"uagb_author_info":{"display_name":"develop0001","author_link":"https:\/\/bomberosfunes.com\/index.php\/author\/develop0001\/"},"uagb_comment_info":0,"uagb_excerpt":null,"_links":{"self":[{"href":"https:\/\/bomberosfunes.com\/index.php\/wp-json\/wp\/v2\/pages\/418","targetHints":{"allow":["GET"]}}],"collection":[{"href":"https:\/\/bomberosfunes.com\/index.php\/wp-json\/wp\/v2\/pages"}],"about":[{"href":"https:\/\/bomberosfunes.com\/index.php\/wp-json\/wp\/v2\/types\/page"}],"author":[{"embeddable":true,"href":"https:\/\/bomberosfunes.com\/index.php\/wp-json\/wp\/v2\/users\/1"}],"replies":[{"embeddable":true,"href":"https:\/\/bomberosfunes.com\/index.php\/wp-json\/wp\/v2\/comments?post=418"}],"version-history":[{"count":15,"href":"https:\/\/bomberosfunes.com\/index.php\/wp-json\/wp\/v2\/pages\/418\/revisions"}],"predecessor-version":[{"id":25982,"href":"https:\/\/bomberosfunes.com\/index.php\/wp-json\/wp\/v2\/pages\/418\/revisions\/25982"}],"wp:attachment":[{"href":"https:\/\/bomberosfunes.com\/index.php\/wp-json\/wp\/v2\/media?parent=418"}],"curies":[{"name":"wp","href":"https:\/\/api.w.org\/{rel}","templated":true}]}}